{"id":119,"date":"2021-01-25T08:52:59","date_gmt":"2021-01-25T13:52:59","guid":{"rendered":"https:\/\/ensembleconcerts.com\/dev\/?page_id=119"},"modified":"2022-10-13T11:32:08","modified_gmt":"2022-10-13T15:32:08","slug":"artists","status":"publish","type":"page","link":"https:\/\/ensembleconcerts.com\/en\/","title":{"rendered":"Artists"},"content":{"rendered":"<!-- The Grid Plugin Version 2.8.1 --><!-- The Grid Wrapper Start --><div class=\"tg-grid-wrapper grid-artistes tg-grid-loading tg-nav-sqr-thick\" id=\"grid-190\" data-version=\"2.8.1\"><!-- The Grid Styles --><style class=\"tg-grid-styles\" type=\"text\/css\">#grid-190 .tg-nav-border:hover,#grid-190 .tg-page-number.tg-page-current,#grid-190 .tg-filter.tg-filter-active:not(.tg-dropdown-item){border-color:#dd3333}#grid-190 .tg-nav-border,#grid-190 .tg-dropdown-holder:hover,#grid-190 .tg-search-inner:hover,#grid-190 .tg-sorter-order:hover,#grid-190 .tg-disabled:hover i{border:2px solid #AAAAAA}#grid-190 .tg-search-clear,#grid-190 .tg-search-clear:hover{border:none;border-left:2px solid #AAAAAA}#grid-190 .tg-nav-color:not(.dots):not(.tg-dropdown-value):not(.tg-dropdown-title):hover,#grid-190 .tg-nav-color:hover .tg-nav-color,#grid-190 .tg-page-number.tg-page-current,#grid-190 .tg-filter.tg-filter-active span:not(.tg-filter-count){color:#dd3333}.tg-nav-sqr-thick .tg-page-number.dots{border:none !important}.tg-nav-sqr-thick .tg-grid-area-left i,.tg-nav-sqr-thick .tg-grid-area-left i:before,.tg-nav-sqr-thick .tg-grid-area-right i,.tg-nav-sqr-thick .tg-grid-area-right i:before{line-height:38px}.tg-nav-sqr-thick input[type=text].tg-search{height:36px}.tg-nav-sqr-thick .tg-nav-font,.tg-nav-sqr-thick input[type=text].tg-search{font-size:13px;font-weight:600;line-height:36px}.tg-nav-sqr-thick .tg-search::-webkit-input-placeholder{font-size:13px;font-weight:600;line-height:36px}.tg-nav-sqr-thick .tg-search::-moz-placeholder{font-size:13px;font-weight:600;line-height:36px}.tg-nav-sqr-thick .tg-search:-ms-input-placeholder{font-size:13px;font-weight:600;line-height:36px}.tg-nav-sqr-thick .tg-page-number.dots,.tg-nav-sqr-thick .tg-slider-bullets{height:40px}.tg-nav-sqr-thick .tg-search-icon,.tg-nav-sqr-thick .tg-search-clear,.tg-nav-sqr-thick .tg-sorter-order,.tg-nav-sqr-thick .tg-page-number,.tg-nav-sqr-thick .tg-left-arrow i,.tg-nav-sqr-thick .tg-right-arrow i{min-width:40px}.tg-nav-sqr-thick .tg-search-icon,.tg-nav-sqr-thick .tg-sorter-order i{font-weight:100}.tg-nav-sqr-thick .tg-page-number.dots,.tg-nav-sqr-thick .tg-search-inner,.tg-nav-sqr-thick .tg-search-clear,.tg-nav-sqr-thick .tg-sorter-order,.tg-nav-sqr-thick .tg-left-arrow,.tg-nav-sqr-thick .tg-right-arrow{border:none}.tg-nav-sqr-thick .tg-dropdown-list{margin-top:2px}#grid-190 .tg-nav-color,#grid-190 .tg-search-icon:hover:before,#grid-190 .tg-search-icon:hover input,#grid-190 .tg-disabled:hover .tg-icon-left-arrow,#grid-190 .tg-disabled:hover .tg-icon-right-arrow,#grid-190 .tg-dropdown-title.tg-nav-color:hover{color:#000000}#grid-190 input.tg-search:hover{color:#000000 !important}#grid-190 input.tg-search::-webkit-input-placeholder{color:#000000}#grid-190 input.tg-search::-moz-placeholder{color:#000000;opacity:1}#grid-190 input.tg-search:-ms-input-placeholder{color:#000000}.grid-190 .tg-dropdown-item{color:#000000;background:#fffffa}.grid-190 .tg-filter-active,.grid-190 .tg-dropdown-item:hover{color:#000000;background:#ffff00}#grid-190 .tg-slider-bullets li.tg-active-item span{background:#59585b}#grid-190 .tg-slider-bullets li span{background:#DDDDDD}#grid-190 .tg-grid-area-top2{text-align:left;margin-bottom:30px}.tg-artistes-v2 a:not([class*=\"tg-element-\"]),.tg-artistes-v2 a:not([class*=\"tg-element-\"]):active,.tg-artistes-v2 a:not([class*=\"tg-element-\"]):focus,.tg-artistes-v2 [class*=\"tg-element-\"] *:not(del){margin:0;padding:0;color:inherit !important;text-align:inherit;font-size:inherit;font-style:inherit;line-height:inherit;font-weight:inherit;text-transform:inherit;text-decoration:inherit;-webkit-box-shadow:none;box-shadow:none;border:none}.tg-artistes-v2 [class*=\"tg-element-\"],.tg-artistes-v2 .tg-item-overlay,.tg-artistes-v2 .tg-center-holder,.tg-artistes-v2 .tg-center-inner > *{vertical-align:middle}.tg-artistes-v2 .tg-item-inner{background-color:#fbfbfb !important}.tg-artistes-v2 .tg-item-media-holder{border:5px solid #000000}.tg-artistes-v2 .tg-item-overlay{position:absolute;display:block;top:0;left:0;bottom:0;right:0;opacity:0;visibility:hidden;-webkit-transition:all 400ms ease !important;-moz-transition:all 400ms ease !important;-ms-transition:all 400ms ease !important;transition:all 400ms ease !important}.tg-artistes-v2:not(.tg-force-play):not(.tg-is-playing) .tg-item-media-holder:hover .tg-item-overlay{opacity:1;visibility:visible}.tg-artistes-v2 .tg-item-content-holder[data-position=\"top\"]{position:relative;min-height:1px;display:block}.tg-artistes-v2 div.tg-item-media-content{text-align:center}.tg-artistes-v2 .tg-element-1{position:relative;font-size:18px;line-height:18px !important;color:#000000 !important;font-weight:400 !important;text-transform:uppercase;background-color:#ffff00 !important;display:inline-block;margin:0;padding:8px 10px}.tg-item .tg-dark div,.tg-item .tg-dark h1,.tg-item .tg-dark h1 a,.tg-item .tg-dark h2,.tg-item .tg-dark h2 a,.tg-item .tg-dark h3,.tg-item .tg-dark h3 a,.tg-item .tg-dark h4,.tg-item .tg-dark h4 a,.tg-item .tg-dark h5,.tg-item .tg-dark h5 a,.tg-item .tg-dark h6,.tg-item .tg-dark h6 a,.tg-item .tg-dark a,.tg-item .tg-dark a.tg-link-url,.tg-item .tg-dark i,.tg-item .tg-dark .tg-media-button,.tg-item .tg-dark .tg-item-price span{color:#000000;fill:#000000;stroke:#000000;border-color:#000000}.tg-item .tg-dark p,.tg-item .tg-dark ol,.tg-item .tg-dark ul,.tg-item .tg-dark li{color:#777777;fill:#777777;stroke:#777777;border-color:#777777}.tg-item .tg-dark span,.tg-item .tg-dark .no-liked .to-heart-icon path,.tg-item .tg-dark .empty-heart .to-heart-icon path,.tg-item .tg-dark .tg-item-comment i,.tg-item .tg-dark .tg-item-price del span{color:#999999;fill:#999999;stroke:#999999;border-color:#999999}.tg-item .tg-light div,.tg-item .tg-light h1,.tg-item .tg-light h1 a,.tg-item .tg-light h2,.tg-item .tg-light h2 a,.tg-item .tg-light h3,.tg-item .tg-light h3 a,.tg-item .tg-light h4,.tg-item .tg-light h4 a,.tg-item .tg-light h5,.tg-item .tg-light h5 a,.tg-item .tg-light h6,.tg-item .tg-light h6 a,.tg-item .tg-light a,.tg-item .tg-light a.tg-link-url,.tg-item .tg-light i,.tg-item .tg-light .tg-media-button,.tg-item .tg-light .tg-item-price span{color:#ffffff;fill:#ffffff;stroke:#ffffff;border-color:#ffffff}.tg-item .tg-light p,.tg-item .tg-light ol,.tg-item .tg-light ul,.tg-item .tg-light li{color:#f6f6f6;fill:#f6f6f6;stroke:#f6f6f6;border-color:#f6f6f6}.tg-item .tg-light span,.tg-item .tg-light .no-liked .to-heart-icon path,.tg-item .tg-light .empty-heart .to-heart-icon path,.tg-item .tg-light .tg-item-comment i,.tg-item .tg-light .tg-item-price del span{color:#f5f5f5;fill:#f5f5f5;stroke:#f5f5f5;border-color:#f5f5f5}#grid-190 .tg-item-content-holder{background-color:#ffffff}#grid-190 .tg-item-overlay{background-color:rgba(22,22,22,0.65)}.tg-search-inner{font-weight:400 !important}<\/style><!-- The Grid Item Sizer --><div class=\"tg-grid-sizer\"><\/div><!-- The Grid Gutter Sizer --><div class=\"tg-gutter-sizer\"><\/div><!-- The Grid Area Top 2 --><div class=\"tg-grid-area-top2\"><!-- The Grid Search holder --><div class=\"tg-search-holder\"><div class=\"tg-search-inner tg-nav-border\"><span class=\"tg-search-icon tg-nav-color tg-nav-font\"><\/span><input type=\"text\" class=\"tg-search tg-nav-color tg-nav-font\" autocomplete=\"off\" placeholder=\"\" \/><span class=\"tg-search-clear tg-nav-color tg-nav-border tg-nav-font\"><\/span><\/div><\/div><div class=\"tg-filters-holder\"><div class=\"tg-dropdown-holder tg-nav-border tg-nav-font\"><span class=\"tg-dropdown-title tg-nav-color tg-nav-font\">Agent<\/span><i class=\"tg-icon-dropdown-open tg-nav-color tg-nav-font\"><\/i><ul class=\"tg-dropdown-list grid-190\"><li class=\"tg-dropdown-item tg-filter tg-filter-active\" data-filter=\"*\"><span class=\"tg-filter-name\">All \/ Tous<\/span><\/li><li class=\"tg-dropdown-item tg-filter\" data-taxo=\"agent\" data-filter=\".f19\"><span class=\"tg-filter-name\">Liz<\/span><\/li><li class=\"tg-dropdown-item tg-filter\" data-taxo=\"agent\" data-filter=\".f7\"><span class=\"tg-filter-name\">Ouss Laghzaoui<\/span><\/li><li class=\"tg-dropdown-item tg-filter\" data-taxo=\"agent\" data-filter=\".f8\"><span class=\"tg-filter-name\">Romain Piquerez<\/span><\/li><\/ul><\/div><\/div><\/div><!-- The Grid Items Holder --><div class=\"tg-grid-holder tg-layout-masonry\"  data-name=\"Tous les artistes\"  data-style=\"masonry\" data-row=\"1\" data-layout=\"vertical\" data-rtl=\"\" data-fitrows=\"\" data-filtercomb=\"\" data-filterlogic=\"AND\" data-filterload =\"\" data-sortbyload =\"\" data-orderload =\"false\" data-fullwidth=\"\" data-fullheight=\"null\" data-gutters=\"[[320,10],[480,15],[768,15],[980,20],[1200,30],[9999,40]]\" data-slider='{\"itemNav\":\"null\",\"swingSpeed\":0.1,\"cycleBy\":\"null\",\"cycle\":5000,\"startAt\":1}' data-ratio=\"1.00\" data-cols=\"[[320,1],[480,2],[768,3],[980,3],[1200,3],[9999,3]]\" data-rows=\"[[320,200],[480,200],[768,220],[980,220],[1200,240],[9999,240]]\" data-animation='{&quot;name&quot;:&quot;Fade in&quot;,&quot;visible&quot;:&quot;&quot;,&quot;hidden&quot;:&quot;&quot;}' data-transition=\"700ms\" data-ajaxmethod=\"load_more\" data-ajaxdelay=\"100\" data-preloader=\"1\" data-itemdelay=\"100\" data-gallery=\"\" data-ajax=\"\"><!-- The Grid item #1 --><article class=\"tg-item tg-post-116 tg-artistes-v2 f8 tg-item-reveal\" data-row=\"1\" data-col=\"1\"><div class=\"tg-item-inner\"><div class=\"tg-item-content-holder tg-dark image-format\" data-position=\"top\"><h2 class=\"tg-item-title tg-element-1 title-grid-artiste\"><a target=\"_self\" href=\"https:\/\/ensembleconcerts.com\/en\/artistes\/alias\/\">ALIAS<\/a><\/h2><div class=\"tg-item-clear\"><\/div><\/div><div class=\"tg-item-media-holder tg-light\"><div class=\"tg-item-media-inner\"><img decoding=\"async\" class=\"tg-item-image\" alt=\"\" width=\"700\" height=\"614\" src=\"https:\/\/ensembleconcerts.com\/wp-content\/uploads\/2021\/01\/alias-sm-700x614.jpg\"><\/div><div class=\"tg-item-media-content \"><div class=\"tg-item-overlay\"><\/div><a class=\"tg-element-absolute tg-element-above\" target=\"_self\" href=\"https:\/\/ensembleconcerts.com\/en\/artistes\/alias\/\"><\/a><\/div><\/div><\/div><\/article><!-- The Grid item #2 --><article class=\"tg-item tg-post-193 tg-artistes-v2 f8 tg-item-reveal\" data-row=\"1\" data-col=\"1\"><div class=\"tg-item-inner\"><div class=\"tg-item-content-holder tg-dark image-format\" data-position=\"top\"><h2 class=\"tg-item-title tg-element-1 title-grid-artiste\"><a target=\"_self\" href=\"https:\/\/ensembleconcerts.com\/en\/artistes\/aliocha\/\">Aliocha Schneider<\/a><\/h2><div class=\"tg-item-clear\"><\/div><\/div><div class=\"tg-item-media-holder tg-light\"><div class=\"tg-item-media-inner\"><img decoding=\"async\" class=\"tg-item-image\" alt=\"\" width=\"700\" height=\"387\" src=\"https:\/\/ensembleconcerts.com\/wp-content\/uploads\/2021\/01\/Aliocha-Schneider-700x387.jpg\"><\/div><div class=\"tg-item-media-content \"><div class=\"tg-item-overlay\"><\/div><a class=\"tg-element-absolute tg-element-above\" target=\"_self\" href=\"https:\/\/ensembleconcerts.com\/en\/artistes\/aliocha\/\"><\/a><\/div><\/div><\/div><\/article><!-- The Grid item #3 --><article class=\"tg-item tg-post-1564 tg-artistes-v2 tg-item-reveal\" data-row=\"1\" data-col=\"1\"><div class=\"tg-item-inner\"><div class=\"tg-item-content-holder tg-dark image-format\" data-position=\"top\"><h2 class=\"tg-item-title tg-element-1 title-grid-artiste\"><a target=\"_self\" href=\"https:\/\/ensembleconcerts.com\/en\/artistes\/bobo-ono\/\">BoBo OnO<\/a><\/h2><div class=\"tg-item-clear\"><\/div><\/div><div class=\"tg-item-media-holder tg-light\"><div class=\"tg-item-media-inner\"><img decoding=\"async\" class=\"tg-item-image\" alt=\"\" width=\"700\" height=\"467\" src=\"https:\/\/ensembleconcerts.com\/wp-content\/uploads\/2024\/05\/Bobo_Ono-700x467.jpg\"><\/div><div class=\"tg-item-media-content \"><div class=\"tg-item-overlay\"><\/div><a class=\"tg-element-absolute tg-element-above\" target=\"_self\" href=\"https:\/\/ensembleconcerts.com\/en\/artistes\/bobo-ono\/\"><\/a><\/div><\/div><\/div><\/article><!-- The Grid item #4 --><article class=\"tg-item tg-post-198 tg-artistes-v2 f8 tg-item-reveal\" data-row=\"1\" data-col=\"1\"><div class=\"tg-item-inner\"><div class=\"tg-item-content-holder tg-dark image-format\" data-position=\"top\"><h2 class=\"tg-item-title tg-element-1 title-grid-artiste\"><a target=\"_self\" href=\"https:\/\/ensembleconcerts.com\/en\/artistes\/julien-sagot\/\">Julien Sagot<\/a><\/h2><div class=\"tg-item-clear\"><\/div><\/div><div class=\"tg-item-media-holder tg-light\"><div class=\"tg-item-media-inner\"><img decoding=\"async\" class=\"tg-item-image\" alt=\"\" width=\"700\" height=\"700\" src=\"https:\/\/ensembleconcerts.com\/wp-content\/uploads\/2022\/10\/Julien-Sagot-sq-700x700.jpg\"><\/div><div class=\"tg-item-media-content \"><div class=\"tg-item-overlay\"><\/div><a class=\"tg-element-absolute tg-element-above\" target=\"_self\" href=\"https:\/\/ensembleconcerts.com\/en\/artistes\/julien-sagot\/\"><\/a><\/div><\/div><\/div><\/article><\/div><div class=\"tg-grid-preloader\"><style class=\"tg-grid-preloader-styles\" type=\"text\/css\">@-webkit-keyframes ball-grid-pulse{0%{-webkit-transform:scale(1);transform:scale(1)}50%{-webkit-transform:scale(.5);transform:scale(.5);opacity:.7}100%{-webkit-transform:scale(1);transform:scale(1);opacity:1}}@keyframes ball-grid-pulse{0%{-webkit-transform:scale(1);transform:scale(1)}50%{-webkit-transform:scale(.5);transform:scale(.5);opacity:.7}100%{-webkit-transform:scale(1);transform:scale(1);opacity:1}}.ball-grid-pulse{width:57px}.ball-grid-pulse>div:nth-child(1){-webkit-animation-delay:.73s;animation-delay:.73s;-webkit-animation-duration:1.3s;animation-duration:1.3s}.ball-grid-pulse>div:nth-child(2){-webkit-animation-delay:.32s;animation-delay:.32s;-webkit-animation-duration:1.3s;animation-duration:1.3s}.ball-grid-pulse>div:nth-child(3){-webkit-animation-delay:.71s;animation-delay:.71s;-webkit-animation-duration:.88s;animation-duration:.88s}.ball-grid-pulse>div:nth-child(4){-webkit-animation-delay:.62s;animation-delay:.62s;-webkit-animation-duration:1.06s;animation-duration:1.06s}.ball-grid-pulse>div:nth-child(5){-webkit-animation-delay:.31s;animation-delay:.31s;-webkit-animation-duration:.62s;animation-duration:.62s}.ball-grid-pulse>div:nth-child(6){-webkit-animation-delay:-.14s;animation-delay:-.14s;-webkit-animation-duration:1.48s;animation-duration:1.48s}.ball-grid-pulse>div:nth-child(7){-webkit-animation-delay:-.1s;animation-delay:-.1s;-webkit-animation-duration:1.47s;animation-duration:1.47s}.ball-grid-pulse>div:nth-child(8){-webkit-animation-delay:.4s;animation-delay:.4s;-webkit-animation-duration:1.49s;animation-duration:1.49s}.ball-grid-pulse>div:nth-child(9){-webkit-animation-delay:.73s;animation-delay:.73s;-webkit-animation-duration:.7s;animation-duration:.7s}.ball-grid-pulse>div{display:inline-block;float:left;width:15px;height:15px;margin:2px;border-radius:100%;-webkit-animation-fill-mode:both;animation-fill-mode:both;-webkit-animation-name:ball-grid-pulse;animation-name:ball-grid-pulse;-webkit-animation-iteration-count:infinite;animation-iteration-count:infinite;-webkit-animation-delay:0;animation-delay:0}#grid-190 .tg-grid-preloader-inner>div{background:#000000}#grid-190 .tg-grid-preloader-scale{transform:scale(0.7)}<\/style><div class=\"tg-grid-preloader-holder\"><div class=\"tg-grid-preloader-scale\"><div class=\"tg-grid-preloader-inner ball-grid-pulse\"><div><\/div><div><\/div><div><\/div><div><\/div><div><\/div><div><\/div><div><\/div><div><\/div><div><\/div><\/div><\/div><\/div><\/div><\/div><!-- The Grid Wrapper End -->\n\n\n\n<p><\/p>\n","protected":false},"excerpt":{"rendered":"","protected":false},"author":1,"featured_media":0,"parent":0,"menu_order":0,"comment_status":"closed","ping_status":"closed","template":"template-grille-artistes.php","meta":{"_acf_changed":false,"footnotes":""},"class_list":["post-119","page","type-page","status-publish","hentry"],"acf":[],"yoast_head":"<!-- This site is optimized with the Yoast SEO plugin v27.4 - https:\/\/yoast.com\/product\/yoast-seo-wordpress\/ -->\n<title>Ensemble Concerts - Artists<\/title>\n<meta name=\"description\" content=\"Artists represented by Ensemble, Our roster, Alias, Alex Nicol, Aliocha, Cadence Weapon, Chad VanGaalen, Corridor and more.\" \/>\n<meta name=\"robots\" content=\"index, follow, max-snippet:-1, max-image-preview:large, max-video-preview:-1\" \/>\n<link rel=\"canonical\" href=\"https:\/\/ensembleconcerts.com\/en\/\" \/>\n<meta property=\"og:locale\" content=\"en_US\" \/>\n<meta property=\"og:type\" content=\"article\" \/>\n<meta property=\"og:title\" content=\"Ensemble Concerts - Artists\" \/>\n<meta property=\"og:description\" content=\"Artists represented by Ensemble, Our roster, Alias, Alex Nicol, Aliocha, Cadence Weapon, Chad VanGaalen, Corridor and more.\" \/>\n<meta property=\"og:url\" content=\"https:\/\/ensembleconcerts.com\/en\/\" \/>\n<meta property=\"og:site_name\" content=\"Ensemble Concerts\" \/>\n<meta property=\"article:publisher\" content=\"https:\/\/www.facebook.com\/ensembleconcerts\" \/>\n<meta property=\"article:modified_time\" content=\"2022-10-13T15:32:08+00:00\" \/>\n<meta property=\"og:image\" content=\"https:\/\/ensembleconcerts.com\/wp-content\/uploads\/2021\/03\/logo-ensemble-concert-rond-noir-fb.png\" \/>\n\t<meta property=\"og:image:width\" content=\"600\" \/>\n\t<meta property=\"og:image:height\" content=\"588\" \/>\n\t<meta property=\"og:image:type\" content=\"image\/png\" \/>\n<meta name=\"twitter:card\" content=\"summary_large_image\" \/>\n<meta name=\"twitter:site\" content=\"@ensemble_cnsrts\" \/>\n<meta name=\"twitter:label1\" content=\"Est. reading time\" \/>\n\t<meta name=\"twitter:data1\" content=\"1 minute\" \/>\n<script type=\"application\/ld+json\" class=\"yoast-schema-graph\">{\"@context\":\"https:\\\/\\\/schema.org\",\"@graph\":[{\"@type\":\"WebPage\",\"@id\":\"https:\\\/\\\/ensembleconcerts.com\\\/en\\\/\",\"url\":\"https:\\\/\\\/ensembleconcerts.com\\\/en\\\/\",\"name\":\"Ensemble Concerts - Artists\",\"isPartOf\":{\"@id\":\"https:\\\/\\\/ensembleconcerts.com\\\/en\\\/#website\"},\"datePublished\":\"2021-01-25T13:52:59+00:00\",\"dateModified\":\"2022-10-13T15:32:08+00:00\",\"description\":\"Artists represented by Ensemble, Our roster, Alias, Alex Nicol, Aliocha, Cadence Weapon, Chad VanGaalen, Corridor and more.\",\"breadcrumb\":{\"@id\":\"https:\\\/\\\/ensembleconcerts.com\\\/en\\\/#breadcrumb\"},\"inLanguage\":\"en-CA\",\"potentialAction\":[{\"@type\":\"ReadAction\",\"target\":[\"https:\\\/\\\/ensembleconcerts.com\\\/en\\\/\"]}]},{\"@type\":\"BreadcrumbList\",\"@id\":\"https:\\\/\\\/ensembleconcerts.com\\\/en\\\/#breadcrumb\",\"itemListElement\":[{\"@type\":\"ListItem\",\"position\":1,\"name\":\"Home\",\"item\":\"https:\\\/\\\/ensembleconcerts.com\\\/en\\\/\"},{\"@type\":\"ListItem\",\"position\":2,\"name\":\"Artists\"}]},{\"@type\":\"WebSite\",\"@id\":\"https:\\\/\\\/ensembleconcerts.com\\\/en\\\/#website\",\"url\":\"https:\\\/\\\/ensembleconcerts.com\\\/en\\\/\",\"name\":\"Ensemble Concerts\",\"description\":\"A boutique talent agency based out of Montreal - Agence de booking bas\u00e9e \u00e0 Montr\u00e9al\",\"publisher\":{\"@id\":\"https:\\\/\\\/ensembleconcerts.com\\\/en\\\/#organization\"},\"potentialAction\":[{\"@type\":\"SearchAction\",\"target\":{\"@type\":\"EntryPoint\",\"urlTemplate\":\"https:\\\/\\\/ensembleconcerts.com\\\/en\\\/?s={search_term_string}\"},\"query-input\":{\"@type\":\"PropertyValueSpecification\",\"valueRequired\":true,\"valueName\":\"search_term_string\"}}],\"inLanguage\":\"en-CA\"},{\"@type\":\"Organization\",\"@id\":\"https:\\\/\\\/ensembleconcerts.com\\\/en\\\/#organization\",\"name\":\"Ensemble Concerts\",\"url\":\"https:\\\/\\\/ensembleconcerts.com\\\/en\\\/\",\"logo\":{\"@type\":\"ImageObject\",\"inLanguage\":\"en-CA\",\"@id\":\"https:\\\/\\\/ensembleconcerts.com\\\/en\\\/#\\\/schema\\\/logo\\\/image\\\/\",\"url\":\"https:\\\/\\\/ensembleconcerts.com\\\/wp-content\\\/uploads\\\/2021\\\/03\\\/logo-ensemble-concert-rond-noir-fb.png\",\"contentUrl\":\"https:\\\/\\\/ensembleconcerts.com\\\/wp-content\\\/uploads\\\/2021\\\/03\\\/logo-ensemble-concert-rond-noir-fb.png\",\"width\":600,\"height\":588,\"caption\":\"Ensemble Concerts\"},\"image\":{\"@id\":\"https:\\\/\\\/ensembleconcerts.com\\\/en\\\/#\\\/schema\\\/logo\\\/image\\\/\"},\"sameAs\":[\"https:\\\/\\\/www.facebook.com\\\/ensembleconcerts\",\"https:\\\/\\\/x.com\\\/ensemble_cnsrts\"]}]}<\/script>\n<!-- \/ Yoast SEO plugin. -->","yoast_head_json":{"title":"Ensemble Concerts - Artists","description":"Artists represented by Ensemble, Our roster, Alias, Alex Nicol, Aliocha, Cadence Weapon, Chad VanGaalen, Corridor and more.","robots":{"index":"index","follow":"follow","max-snippet":"max-snippet:-1","max-image-preview":"max-image-preview:large","max-video-preview":"max-video-preview:-1"},"canonical":"https:\/\/ensembleconcerts.com\/en\/","og_locale":"en_US","og_type":"article","og_title":"Ensemble Concerts - Artists","og_description":"Artists represented by Ensemble, Our roster, Alias, Alex Nicol, Aliocha, Cadence Weapon, Chad VanGaalen, Corridor and more.","og_url":"https:\/\/ensembleconcerts.com\/en\/","og_site_name":"Ensemble Concerts","article_publisher":"https:\/\/www.facebook.com\/ensembleconcerts","article_modified_time":"2022-10-13T15:32:08+00:00","og_image":[{"width":600,"height":588,"url":"https:\/\/ensembleconcerts.com\/wp-content\/uploads\/2021\/03\/logo-ensemble-concert-rond-noir-fb.png","type":"image\/png"}],"twitter_card":"summary_large_image","twitter_site":"@ensemble_cnsrts","twitter_misc":{"Est. reading time":"1 minute"},"schema":{"@context":"https:\/\/schema.org","@graph":[{"@type":"WebPage","@id":"https:\/\/ensembleconcerts.com\/en\/","url":"https:\/\/ensembleconcerts.com\/en\/","name":"Ensemble Concerts - Artists","isPartOf":{"@id":"https:\/\/ensembleconcerts.com\/en\/#website"},"datePublished":"2021-01-25T13:52:59+00:00","dateModified":"2022-10-13T15:32:08+00:00","description":"Artists represented by Ensemble, Our roster, Alias, Alex Nicol, Aliocha, Cadence Weapon, Chad VanGaalen, Corridor and more.","breadcrumb":{"@id":"https:\/\/ensembleconcerts.com\/en\/#breadcrumb"},"inLanguage":"en-CA","potentialAction":[{"@type":"ReadAction","target":["https:\/\/ensembleconcerts.com\/en\/"]}]},{"@type":"BreadcrumbList","@id":"https:\/\/ensembleconcerts.com\/en\/#breadcrumb","itemListElement":[{"@type":"ListItem","position":1,"name":"Home","item":"https:\/\/ensembleconcerts.com\/en\/"},{"@type":"ListItem","position":2,"name":"Artists"}]},{"@type":"WebSite","@id":"https:\/\/ensembleconcerts.com\/en\/#website","url":"https:\/\/ensembleconcerts.com\/en\/","name":"Ensemble Concerts","description":"A boutique talent agency based out of Montreal - Agence de booking bas\u00e9e \u00e0 Montr\u00e9al","publisher":{"@id":"https:\/\/ensembleconcerts.com\/en\/#organization"},"potentialAction":[{"@type":"SearchAction","target":{"@type":"EntryPoint","urlTemplate":"https:\/\/ensembleconcerts.com\/en\/?s={search_term_string}"},"query-input":{"@type":"PropertyValueSpecification","valueRequired":true,"valueName":"search_term_string"}}],"inLanguage":"en-CA"},{"@type":"Organization","@id":"https:\/\/ensembleconcerts.com\/en\/#organization","name":"Ensemble Concerts","url":"https:\/\/ensembleconcerts.com\/en\/","logo":{"@type":"ImageObject","inLanguage":"en-CA","@id":"https:\/\/ensembleconcerts.com\/en\/#\/schema\/logo\/image\/","url":"https:\/\/ensembleconcerts.com\/wp-content\/uploads\/2021\/03\/logo-ensemble-concert-rond-noir-fb.png","contentUrl":"https:\/\/ensembleconcerts.com\/wp-content\/uploads\/2021\/03\/logo-ensemble-concert-rond-noir-fb.png","width":600,"height":588,"caption":"Ensemble Concerts"},"image":{"@id":"https:\/\/ensembleconcerts.com\/en\/#\/schema\/logo\/image\/"},"sameAs":["https:\/\/www.facebook.com\/ensembleconcerts","https:\/\/x.com\/ensemble_cnsrts"]}]}},"_links":{"self":[{"href":"https:\/\/ensembleconcerts.com\/en\/wp-json\/wp\/v2\/pages\/119","targetHints":{"allow":["GET"]}}],"collection":[{"href":"https:\/\/ensembleconcerts.com\/en\/wp-json\/wp\/v2\/pages"}],"about":[{"href":"https:\/\/ensembleconcerts.com\/en\/wp-json\/wp\/v2\/types\/page"}],"author":[{"embeddable":true,"href":"https:\/\/ensembleconcerts.com\/en\/wp-json\/wp\/v2\/users\/1"}],"replies":[{"embeddable":true,"href":"https:\/\/ensembleconcerts.com\/en\/wp-json\/wp\/v2\/comments?post=119"}],"version-history":[{"count":4,"href":"https:\/\/ensembleconcerts.com\/en\/wp-json\/wp\/v2\/pages\/119\/revisions"}],"predecessor-version":[{"id":832,"href":"https:\/\/ensembleconcerts.com\/en\/wp-json\/wp\/v2\/pages\/119\/revisions\/832"}],"wp:attachment":[{"href":"https:\/\/ensembleconcerts.com\/en\/wp-json\/wp\/v2\/media?parent=119"}],"curies":[{"name":"wp","href":"https:\/\/api.w.org\/{rel}","templated":true}]}}